{"id":2,"date":"2024-10-11T09:02:49","date_gmt":"2024-10-11T09:02:49","guid":{"rendered":"https:\/\/brdruk.pl\/?page_id=2"},"modified":"2025-07-17T19:26:39","modified_gmt":"2025-07-17T19:26:39","slug":"sample-page","status":"publish","type":"page","link":"https:\/\/brdruk.pl\/","title":{"rendered":"Home"},"content":{"rendered":"\n<section class=\"banner-hero\" id=\"\">\n    <div class=\"banner-hero__inner container\">\n        <figure class=\"banner-hero__decoration\">\n            <img decoding=\"async\" src=\"https:\/\/brdruk.pl\/wp-content\/themes\/brdruk-theme\/dist\/img\/spinner-main-light.svg\" alt=\"BR Druk\">\n            <img decoding=\"async\" src=\"https:\/\/brdruk.pl\/wp-content\/themes\/brdruk-theme\/dist\/img\/spinner-text-light.svg\" alt=\"BR Druk\">\n        <\/figure>\n                    <h1 class=\"banner-hero__title font-title\">\n                Jeste\u015bmy w trakcie przebudowy!            <\/h1>\n                            <div class=\"banner-hero__content text-content\">\n                <p>&nbsp;<\/p>\n<p>Przebudowujemy nasz\u0105 stron\u0119 internetow\u0105, ale dalej pracujemy. Napisz do nas!<\/p>\n            <\/div>\n        \n                    <div class=\"banner-hero__buttons\">\n                                    <a href=\"#kontakt\" class=\"btn btn--dark\" title=\"Napisz do nas\">\n                        <span>\n                            Napisz do nas                        <\/span>\n                    <\/a>\n                \n                            <\/div>\n            <\/div>\n\n            <img decoding=\"async\" src=\"https:\/\/brdruk.pl\/wp-content\/uploads\/2024\/10\/expanalog-ksuG2W79uj4-unsplash.jpg\" alt=\"BR Druk Opole\" class=\"banner-hero__bg\">\n    <\/section>\n\n\n<section class=\"contact-section\" id=\"kontakt\">\n    <div class=\"contact-section__inner container\">\n                    <div class=\"contact-section__form\">\n                <h2 class=\"text-section__title font-title\">\n                    Napisz do nas                <\/h2>\n                <div class=\"contact-section__form\">\n                    \n<div class=\"wpcf7 no-js\" id=\"wpcf7-f21-o1\" lang=\"en-US\" dir=\"ltr\">\n<div class=\"screen-reader-response\"><p role=\"status\" aria-live=\"polite\" aria-atomic=\"true\"><\/p> <ul><\/ul><\/div>\n<form action=\"\/index.php?rest_route=%2Fwp%2Fv2%2Fpages%2F2#wpcf7-f21-o1\" method=\"post\" class=\"wpcf7-form init\" aria-label=\"Contact form\" novalidate=\"novalidate\" data-status=\"init\">\n<div style=\"display: none;\">\n<input type=\"hidden\" name=\"_wpcf7\" value=\"21\" \/>\n<input type=\"hidden\" name=\"_wpcf7_version\" value=\"5.9.8\" \/>\n<input type=\"hidden\" name=\"_wpcf7_locale\" value=\"en_US\" \/>\n<input type=\"hidden\" name=\"_wpcf7_unit_tag\" value=\"wpcf7-f21-o1\" \/>\n<input type=\"hidden\" name=\"_wpcf7_container_post\" value=\"0\" \/>\n<input type=\"hidden\" name=\"_wpcf7_posted_data_hash\" value=\"\" \/>\n<input type=\"hidden\" name=\"_wpcf7_recaptcha_response\" value=\"\" \/>\n<\/div>\n<div class=\"form--input\">\n<input size=\"40\" maxlength=\"400\" class=\"wpcf7-form-control wpcf7-text wpcf7-validates-as-required form--input__input\" id=\"yourName\" aria-required=\"true\" aria-invalid=\"false\" value=\"\" type=\"text\" name=\"your-name\" \/>\n    <label class=\"form--input__label\"\n            for=\"yourName\">\n        Imi\u0119 i nazwisko *\n    <\/label>\n<\/div>\n\n<div class=\"form--input\">\n<input size=\"40\" maxlength=\"400\" class=\"wpcf7-form-control wpcf7-email wpcf7-validates-as-required wpcf7-text wpcf7-validates-as-email form--input__input\" id=\"yourEmail\" aria-required=\"true\" aria-invalid=\"false\" value=\"\" type=\"email\" name=\"your-email\" \/>\n    <label class=\"form--input__label\"\n            for=\"yourEmail\">\n        Adres e-mail *\n    <\/label>\n<\/div>\n\n<div class=\"form--input\">\n<input size=\"40\" maxlength=\"400\" class=\"wpcf7-form-control wpcf7-tel wpcf7-text wpcf7-validates-as-tel form--input__input\" id=\"yourTel\" aria-invalid=\"false\" value=\"\" type=\"tel\" name=\"your-tel\" \/>\n    <label class=\"form--input__label\"\n            for=\"yourTel \">\n        Nr. telefonu\n    <\/label>\n<\/div>\n\n\n<div class=\"form--input\">\n<textarea cols=\"40\" rows=\"10\" maxlength=\"2000\" class=\"wpcf7-form-control wpcf7-textarea form--input__input form--input__textarea\" id=\"yourMsg\" aria-invalid=\"false\" name=\"your-msg\"><\/textarea>\n    <label class=\"form--input__label\"\n            for=\"yourMsg \">\n        Opowiedz nam o projekcie *\n    <\/label>\n<\/div>\n\n\n<div class=\"form--end\">\n\n<div class=\"form--checkbox\">\n<span class=\"wpcf7-form-control wpcf7-acceptance\"><span class=\"wpcf7-list-item\"><label><input type=\"checkbox\" name=\"your-rodo\" value=\"1\" aria-invalid=\"false\" \/><span class=\"wpcf7-list-item-label\">Przeczyta\u0142em i akceptuj\u0119 polityk\u0119 prywatno\u015bci BR Druk.<\/span><\/label><\/span><\/span>\n<\/div>\n\n<button class=\"btn btn--dark\">\n<span>Wy\u015blij Wiadomo\u015b\u0107<\/span>\n<\/button>\n\n<\/div><div class=\"wpcf7-response-output\" aria-hidden=\"true\"><\/div>\n<\/form>\n<\/div>\n                <\/div>\n            <\/div>\n                            <div class=\"contact-section__form\">\n                <h2 class=\"text-section__title font-title\">\n                    Dane Kontaktowe\n                <\/h2>\n                <div class=\"contact-section__info text-content\">\n \u00a0 \u00a0 \u00a0 \u00a0 \u00a0 \u00a0 \u00a0 \u00a0 \u00a0 \u00a0<p>e-mail: <a href=\"mailto:biuro@brdruk.pl\">biuro@brdruk.pl<\/a><br \/>\ntelefon: <a href=\"tel:+48728752222\">+48 728 752 222<\/a><\/p>\n<p><strong>Biuro:<\/strong><\/p>\n<p>Opole 45-837<br \/>\nul.Wsp\u00f3lna 26<\/p>\n<p>Akceptujemy p\u0142atno\u015b\u0107 kart\u0105, blik, master itp<\/p>\n                <\/div>\n            <\/div>\n            <\/div>\n<\/section>","protected":false},"excerpt":{"rendered":"","protected":false},"author":1,"featured_media":0,"parent":0,"menu_order":0,"comment_status":"closed","ping_status":"open","template":"","meta":{"_acf_changed":false,"footnotes":""},"class_list":["post-2","page","type-page","status-publish","hentry"],"acf":[],"_links":{"self":[{"href":"https:\/\/brdruk.pl\/index.php?rest_route=\/wp\/v2\/pages\/2","targetHints":{"allow":["GET"]}}],"collection":[{"href":"https:\/\/brdruk.pl\/index.php?rest_route=\/wp\/v2\/pages"}],"about":[{"href":"https:\/\/brdruk.pl\/index.php?rest_route=\/wp\/v2\/types\/page"}],"author":[{"embeddable":true,"href":"https:\/\/brdruk.pl\/index.php?rest_route=\/wp\/v2\/users\/1"}],"replies":[{"embeddable":true,"href":"https:\/\/brdruk.pl\/index.php?rest_route=%2Fwp%2Fv2%2Fcomments&post=2"}],"version-history":[{"count":20,"href":"https:\/\/brdruk.pl\/index.php?rest_route=\/wp\/v2\/pages\/2\/revisions"}],"predecessor-version":[{"id":35,"href":"https:\/\/brdruk.pl\/index.php?rest_route=\/wp\/v2\/pages\/2\/revisions\/35"}],"wp:attachment":[{"href":"https:\/\/brdruk.pl\/index.php?rest_route=%2Fwp%2Fv2%2Fmedia&parent=2"}],"curies":[{"name":"wp","href":"https:\/\/api.w.org\/{rel}","templated":true}]}}